{"id":2152,"date":"2025-05-09T05:35:42","date_gmt":"2025-05-09T05:35:42","guid":{"rendered":"https:\/\/lybdbeauty.com\/?page_id=2152"},"modified":"2025-05-17T03:20:45","modified_gmt":"2025-05-17T03:20:45","slug":"conocenos-2","status":"publish","type":"page","link":"https:\/\/lybdbeauty.com\/?page_id=2152","title":{"rendered":"conocenos"},"content":{"rendered":"\n<p class=\"has-large-font-size\"><strong>NUESTRA HISTORIA <\/strong><\/p>\n\n\n\n<div class=\"wp-block-cover has-parallax\" style=\"min-height:533px;aspect-ratio:unset;\"><div class=\"wp-block-cover__image-background wp-image-2153 has-parallax\" style=\"background-position:50% 50%;background-image:url(https:\/\/lybdbeauty.com\/wp-content\/uploads\/2025\/05\/composicion-de-cosmeticos-con-espacio-de-copia-sobre-fondo-beige-1-1024x684.jpg)\"><\/div><span aria-hidden=\"true\" class=\"wp-block-cover__background has-background-dim\"><\/span><div class=\"wp-block-cover__inner-container is-layout-flow wp-block-cover-is-layout-flow\">\n<div class=\"wp-block-group is-layout-flow wp-block-group-is-layout-flow\">\n<figure class=\"wp-block-pullquote has-white-color has-text-color has-link-color has-medium-font-size wp-elements-483249060cf7160ae3965594f76e9918\"><blockquote><p>LYBD BEAUTY nace como una plataforma dedicada a ofrecer lo mejor del mundo de la belleza en un solo lugar, fundada en(a\u00f1o), la empresa fue creada con el prop\u00f3sito de reunir en una sola pagina web las marcas de los cosm\u00e9ticos mas reconocidas, innovadoras y confiables del mercado, facilitando el acceso a productos de alta calidad para todos los amantes del maquillaje y cuidado personal .<br><br>El nombre LYBD BEAUTY, refleja la filosof\u00eda central de la tienda: promover el amor propio y belleza diaria a trav\u00e9s de productos que se adaptan a cada estilo, necesidad y tipo de piel. Desde sus comienzos LYBD BEAUTY se propuso no solo en vender cosm\u00e9ticos, si no tambi\u00e9n en crear una experiencia de compra confiable, c\u00f3moda y enriquecedora para cada cliente.<br><br> Con una cuidada selecci\u00f3n de marcas nacionales e internacionales, la plataforma ha crecido rapidamente gracias a su compromiso con la autenticidad,  atenci\u00f3n al cliente y entrega eficiente. A lo largo del tiempo, LYBD BEAUTY se ha consolidado como una tienda online de referencia, donde se encuentran desde clasicos del maquillaje hasta lanzamientos exclusivos.<br><br> Hoy LYBD BEAUTY continua ampliando su catalog\u00f3, apoyando marcas cruelty free, sostenibles y dermatol\u00f3gicamente recomendadas. construyendo una comunidad que celebra la diversidad, cuidado personal y la belleza en todas sus formas.<\/p><\/blockquote><\/figure>\n<\/div>\n<\/div><\/div>\n\n\n\n<p class=\"has-black-color has-white-background-color has-text-color has-background has-link-color wp-elements-18bc78fc6f4e68213880307499cd044a\"><\/p>\n\n\n\n<p><\/p>\n","protected":false},"excerpt":{"rendered":"<p>NUESTRA HISTORIA<\/p>\n","protected":false},"author":1,"featured_media":0,"parent":0,"menu_order":0,"comment_status":"closed","ping_status":"closed","template":"","meta":{"_uag_custom_page_level_css":"","site-sidebar-layout":"default","site-content-layout":"","ast-site-content-layout":"default","site-content-style":"default","site-sidebar-style":"default","ast-global-header-display":"","ast-banner-title-visibility":"","ast-main-header-display":"","ast-hfb-above-header-display":"","ast-hfb-below-header-display":"","ast-hfb-mobile-header-display":"","site-post-title":"","ast-breadcrumbs-content":"","ast-featured-img":"","footer-sml-layout":"","theme-transparent-header-meta":"","adv-header-id-meta":"","stick-header-meta":"","header-above-stick-meta":"","header-main-stick-meta":"","header-below-stick-meta":"","astra-migrate-meta-layouts":"set","ast-page-background-enabled":"default","ast-page-background-meta":{"desktop":{"background-color":"","background-image":"","background-repeat":"repeat","background-position":"center center","background-size":"auto","background-attachment":"scroll","background-type":"","background-media":"","overlay-type":"","overlay-color":"","overlay-opacity":"","overlay-gradient":""},"tablet":{"background-color":"","background-image":"","background-repeat":"repeat","background-position":"center center","background-size":"auto","background-attachment":"scroll","background-type":"","background-media":"","overlay-type":"","overlay-color":"","overlay-opacity":"","overlay-gradient":""},"mobile":{"background-color":"","background-image":"","background-repeat":"repeat","background-position":"center center","background-size":"auto","background-attachment":"scroll","background-type":"","background-media":"","overlay-type":"","overlay-color":"","overlay-opacity":"","overlay-gradient":""}},"ast-content-background-meta":{"desktop":{"background-color":"var(--ast-global-color-5)","background-image":"","background-repeat":"repeat","background-position":"center center","background-size":"auto","background-attachment":"scroll","background-type":"","background-media":"","overlay-type":"","overlay-color":"","overlay-opacity":"","overlay-gradient":""},"tablet":{"background-color":"var(--ast-global-color-5)","background-image":"","background-repeat":"repeat","background-position":"center center","background-size":"auto","background-attachment":"scroll","background-type":"","background-media":"","overlay-type":"","overlay-color":"","overlay-opacity":"","overlay-gradient":""},"mobile":{"background-color":"var(--ast-global-color-5)","background-image":"","background-repeat":"repeat","background-position":"center center","background-size":"auto","background-attachment":"scroll","background-type":"","background-media":"","overlay-type":"","overlay-color":"","overlay-opacity":"","overlay-gradient":""}},"footnotes":""},"class_list":["post-2152","page","type-page","status-publish","hentry"],"aioseo_notices":[],"uagb_featured_image_src":{"full":false,"thumbnail":false,"medium":false,"medium_large":false,"large":false,"1536x1536":false,"2048x2048":false,"woocommerce_thumbnail":false,"woocommerce_single":false,"woocommerce_gallery_thumbnail":false},"uagb_author_info":{"display_name":"yoselin perez","author_link":"https:\/\/lybdbeauty.com\/?author=1"},"uagb_comment_info":0,"uagb_excerpt":"NUESTRA HISTORIA","jetpack_sharing_enabled":true,"_links":{"self":[{"href":"https:\/\/lybdbeauty.com\/index.php?rest_route=\/wp\/v2\/pages\/2152","targetHints":{"allow":["GET"]}}],"collection":[{"href":"https:\/\/lybdbeauty.com\/index.php?rest_route=\/wp\/v2\/pages"}],"about":[{"href":"https:\/\/lybdbeauty.com\/index.php?rest_route=\/wp\/v2\/types\/page"}],"author":[{"embeddable":true,"href":"https:\/\/lybdbeauty.com\/index.php?rest_route=\/wp\/v2\/users\/1"}],"replies":[{"embeddable":true,"href":"https:\/\/lybdbeauty.com\/index.php?rest_route=%2Fwp%2Fv2%2Fcomments&post=2152"}],"version-history":[{"count":2,"href":"https:\/\/lybdbeauty.com\/index.php?rest_route=\/wp\/v2\/pages\/2152\/revisions"}],"predecessor-version":[{"id":2207,"href":"https:\/\/lybdbeauty.com\/index.php?rest_route=\/wp\/v2\/pages\/2152\/revisions\/2207"}],"wp:attachment":[{"href":"https:\/\/lybdbeauty.com\/index.php?rest_route=%2Fwp%2Fv2%2Fmedia&parent=2152"}],"curies":[{"name":"wp","href":"https:\/\/api.w.org\/{rel}","templated":true}]}}